{"id":83,"date":"2025-01-11T20:54:27","date_gmt":"2025-01-11T20:54:27","guid":{"rendered":"https:\/\/ziehmy.de\/saab\/?page_id=83"},"modified":"2025-01-14T18:36:02","modified_gmt":"2025-01-14T17:36:02","slug":"die-polizei","status":"publish","type":"page","link":"https:\/\/ziehmy.de\/saab\/index.php\/willkommen\/saab-zum-lachen\/die-polizei\/","title":{"rendered":"Die Polizei"},"content":{"rendered":"<p>Viele\u00a0<strong>SAAB<\/strong>-Fahrer werden es kennen:<br \/>\n<strong>SAAB<\/strong>s sind relativ selten, Sondermodelle sind nur eingefleischten\u00a0<strong>SAAB<\/strong>-Fans im Detail bekannt, technische \u00c4nderungen fallen nicht immer gleich auf. Wenn hingegen z.B. an einem VW-Golf etwas nicht ganz serienm\u00e4\u00dfig ist, f\u00e4llt das jedem Dorf-Sheriff sofort in Auge\u2026<\/p>\n<p>So kam es irgendwann zu einer Polizei-Routinekontrolle. Einer der Ordnungsh\u00fcter ging interessiert um den\u00a0<strong>SAAB<\/strong>\u00a0900 Turbo herum, bis er dann an der Fahrert\u00fcr stehen blieb und feststellte:<br \/>\n\u201cDas Lenkrad ist aber nicht original!\u201d \u2013 \u201cDas ist ein Sondermodell von 1988, den gab es nur in kleiner Auflage und die hatten damals alle dieses Holzlenkrad.\u201d<\/p>\n<p>\u201cUnd der Auspuff? Dieses dicke Doppelrohr ist doch auch nicht normal!\u201d \u2013 \u201cDoch, doch \u2013 ist eben ein Sondermodell, wie schon gesagt, nennt sich Aero 16 und wurde zum Jubil\u00e4um der Turbotechnik auf den Markt gebracht.\u201d<\/p>\n<p>So ging es mit diversen Dingen weiter, mit dem tiefen Fahrwerk, den 16-Zoll-Aeros usw.<br \/>\nDem netten uniformierten Herrn wurden schwedische Spezialit\u00e4ten ohne Ende aufgetischt, es wurde mit prominenten Namen und Modellreihen jongliert, da sich \u201cmit\u00a0<strong>SAAB<\/strong>\u00a0ja eh keiner richtig auskennt\u201d.<\/p>\n<p>Dann begann der Polizist freundlich zu l\u00e4cheln uns sagt trocken: \u201cSch\u00f6n, sch\u00f6n. Wirklich sch\u00f6n. Nur komisch, ich habe genau den gleichen Wagen, und der hat das alles nicht\u2026\u201d<br \/>\nEr z\u00fcckte seinen Block und es gab einen sch\u00f6nen, ausf\u00fchrlichen M\u00e4ngelbericht\u2026<\/p>\n<hr class=\"wp-block-separator has-text-color has-background has-cyan-bluish-gray-background-color has-cyan-bluish-gray-color is-style-wide\" \/>\n<p class=\"has-text-align-center\" style=\"text-align: center;\"><a href=\"https:\/\/ziehmy.de\/saab\/index.php\/willkommen\/saab-zum-lachen\/der-lichttest\/\">weiter zur n\u00e4chsten Geschichte \u2192<\/a><\/p>\n","protected":false},"excerpt":{"rendered":"<p>Viele\u00a0SAAB-Fahrer werden es kennen: SAABs sind relativ selten, Sondermodelle sind nur eingefleischten\u00a0SAAB-Fans im Detail bekannt, technische \u00c4nderungen fallen nicht immer gleich auf. Wenn hingegen z.B. an einem VW-Golf etwas nicht &#8230;<\/p>\n","protected":false},"author":1,"featured_media":0,"parent":119,"menu_order":0,"comment_status":"closed","ping_status":"closed","template":"","meta":{"footnotes":""},"class_list":["post-83","page","type-page","status-publish","hentry"],"_links":{"self":[{"href":"https:\/\/ziehmy.de\/saab\/index.php\/wp-json\/wp\/v2\/pages\/83","targetHints":{"allow":["GET"]}}],"collection":[{"href":"https:\/\/ziehmy.de\/saab\/index.php\/wp-json\/wp\/v2\/pages"}],"about":[{"href":"https:\/\/ziehmy.de\/saab\/index.php\/wp-json\/wp\/v2\/types\/page"}],"author":[{"embeddable":true,"href":"https:\/\/ziehmy.de\/saab\/index.php\/wp-json\/wp\/v2\/users\/1"}],"replies":[{"embeddable":true,"href":"https:\/\/ziehmy.de\/saab\/index.php\/wp-json\/wp\/v2\/comments?post=83"}],"version-history":[{"count":2,"href":"https:\/\/ziehmy.de\/saab\/index.php\/wp-json\/wp\/v2\/pages\/83\/revisions"}],"predecessor-version":[{"id":291,"href":"https:\/\/ziehmy.de\/saab\/index.php\/wp-json\/wp\/v2\/pages\/83\/revisions\/291"}],"up":[{"embeddable":true,"href":"https:\/\/ziehmy.de\/saab\/index.php\/wp-json\/wp\/v2\/pages\/119"}],"wp:attachment":[{"href":"https:\/\/ziehmy.de\/saab\/index.php\/wp-json\/wp\/v2\/media?parent=83"}],"curies":[{"name":"wp","href":"https:\/\/api.w.org\/{rel}","templated":true}]}}