{"id":79,"date":"2025-01-11T20:53:43","date_gmt":"2025-01-11T20:53:43","guid":{"rendered":"https:\/\/ziehmy.de\/saab\/?page_id=79"},"modified":"2025-01-14T18:37:07","modified_gmt":"2025-01-14T17:37:07","slug":"der-oelwechsel","status":"publish","type":"page","link":"https:\/\/ziehmy.de\/saab\/index.php\/willkommen\/saab-zum-lachen\/der-oelwechsel\/","title":{"rendered":"Der \u00d6lwechsel"},"content":{"rendered":"<p>Auch die Geschichte ist schon viele Jahre her:<br \/>\nEs war an der Zeit, dass mein damaliger\u00a0<strong>SAAB<\/strong>\u00a0900 Turbo einen \u00d6lwechsel brauchte. Also fuhr ich zum Freundlichen\u00a0<strong>SAAB<\/strong>-H\u00e4ndler, der den \u00d6lwechsel mal eben schnell machen wollte.<br \/>\nAuf die B\u00fchne, altes \u00d6l samt Filter raus, neuer Filter rein und dann folgte das neue \u00d6l, das mit vielen aufeinander folgenden Halb-Liter-Messbechern eingef\u00fcllt wurde.<br \/>\nAnschlie\u00dfend den Peilstab ins Auto, F\u00fcllstand pr\u00fcfen und fertig! Fertig? \u2013 Das w\u00e4re zu einfach gewesen!<br \/>\nDenn da kam der gro\u00dfe Schreck: Der \u00d6lstand war weit \u00fcber Maximum!<br \/>\nDer Meister verdreht die Augen und wirft dem Gesellen vor, sich bei der Anzahl der Kannen verz\u00e4hlt zu haben.<br \/>\nAlso \u00d6l wieder ablassen, und \u00d6l wieder einf\u00fcllen. Jetzt z\u00e4hlen Meister und Geselle gemeinsam\u2026.<\/p>\n<p>Dann wieder den Peilstab hinein, rausziehen, weit \u00fcber Maximum\u2026. Ratlosigkeit macht sich breit.<br \/>\nAlso die Prozedur noch einmal \u2013 kann man denn wirklich so falsch z\u00e4hlen?<br \/>\nUnd was soll ich sagen, nat\u00fcrlich war nach der Probe mit dem Peilstab der Stand wieder \u00fcber Maximum.<\/p>\n<p>In diesem Moment schaut der Mechaniker, der an einem anderen\u00a0<strong>SAAB<\/strong>\u00a0900 auf der benachbarten Hebeb\u00fchne herumschraubte zu uns her\u00fcber und ruft nur:<br \/>\n\u201cHey, das ist mein Peilstab!\u201d\u00a0 Und schlagartig grinste man sich an, verdrehte etwas ungl\u00e4ubig die Augen und begann zu lachen.<\/p>\n<p>Was war passiert: Zum Einf\u00fcllen des neuen \u00d6ls, muss der Peilstab entfernt werden. Dieser wurde auf die Werkbank gelegt.<br \/>\nDort lag aber auch der Peilstab des\u00a0<strong>SAAB<\/strong>\u00a0900 von der Nachbarb\u00fchne. Da es sich um einen 8V-Motor und einen 16V-Motor handelte, waren die Peilst\u00e4be unterschiedlich lang und wurden schlicht und ergreifend verwechselt\u2026..<br \/>\nDer Unterschiede w\u00e4re eigentlich an der unterschiedlichen Farbe des Deckels erkennbar gewesen (rot oder schwarz), aber das war in der Hektik Niemandem aufgefallen\u2026.<\/p>\n<hr class=\"wp-block-separator has-text-color has-background has-cyan-bluish-gray-background-color has-cyan-bluish-gray-color is-style-wide\" \/>\n<p class=\"has-text-align-center\" style=\"text-align: center;\"><a href=\"https:\/\/ziehmy.de\/saab\/index.php\/willkommen\/saab-zum-lachen\/der-tuev\/\">weiter zur n\u00e4chsten Geschichte \u2192<\/a><\/p>\n","protected":false},"excerpt":{"rendered":"<p>Auch die Geschichte ist schon viele Jahre her: Es war an der Zeit, dass mein damaliger\u00a0SAAB\u00a0900 Turbo einen \u00d6lwechsel brauchte. Also fuhr ich zum Freundlichen\u00a0SAAB-H\u00e4ndler, der den \u00d6lwechsel mal eben &#8230;<\/p>\n","protected":false},"author":1,"featured_media":0,"parent":119,"menu_order":0,"comment_status":"closed","ping_status":"closed","template":"","meta":{"footnotes":""},"class_list":["post-79","page","type-page","status-publish","hentry"],"_links":{"self":[{"href":"https:\/\/ziehmy.de\/saab\/index.php\/wp-json\/wp\/v2\/pages\/79","targetHints":{"allow":["GET"]}}],"collection":[{"href":"https:\/\/ziehmy.de\/saab\/index.php\/wp-json\/wp\/v2\/pages"}],"about":[{"href":"https:\/\/ziehmy.de\/saab\/index.php\/wp-json\/wp\/v2\/types\/page"}],"author":[{"embeddable":true,"href":"https:\/\/ziehmy.de\/saab\/index.php\/wp-json\/wp\/v2\/users\/1"}],"replies":[{"embeddable":true,"href":"https:\/\/ziehmy.de\/saab\/index.php\/wp-json\/wp\/v2\/comments?post=79"}],"version-history":[{"count":4,"href":"https:\/\/ziehmy.de\/saab\/index.php\/wp-json\/wp\/v2\/pages\/79\/revisions"}],"predecessor-version":[{"id":289,"href":"https:\/\/ziehmy.de\/saab\/index.php\/wp-json\/wp\/v2\/pages\/79\/revisions\/289"}],"up":[{"embeddable":true,"href":"https:\/\/ziehmy.de\/saab\/index.php\/wp-json\/wp\/v2\/pages\/119"}],"wp:attachment":[{"href":"https:\/\/ziehmy.de\/saab\/index.php\/wp-json\/wp\/v2\/media?parent=79"}],"curies":[{"name":"wp","href":"https:\/\/api.w.org\/{rel}","templated":true}]}}