{"id":77,"date":"2025-01-11T20:53:23","date_gmt":"2025-01-11T20:53:23","guid":{"rendered":"https:\/\/ziehmy.de\/saab\/?page_id=77"},"modified":"2025-01-14T18:36:38","modified_gmt":"2025-01-14T17:36:38","slug":"der-schlauch","status":"publish","type":"page","link":"https:\/\/ziehmy.de\/saab\/index.php\/willkommen\/saab-zum-lachen\/der-schlauch\/","title":{"rendered":"Der Schlauch"},"content":{"rendered":"<p>Die Geschichte ereignete sich irgendwann Anfang der 90er Jahre, als ich noch einige H\u00e4user neben dem \u00f6rtlichen\u00a0<strong>SAAB<\/strong>-Vertragspartner wohnte. Die Stra\u00dfe direkt vor unserem Haus f\u00fchrte aus der Ortschaft hinaus in Richtung Landstra\u00dfe und wurde daher immer als Probefahrtstrecke der\u00a0<strong>SAAB<\/strong>-Werkstatt genutzt.<\/p>\n<p>Als ich das dumpfe Grollen eines\u00a0<strong>SAAB<\/strong>\u00a0900 vernahm, der gerade vom Hof des\u00a0<strong>SAAB<\/strong>-H\u00e4ndlers rollte, musste ich dort instinktiv hinschauen. Es wurde beschleunigt, der\u00a0<strong>SAAB<\/strong>\u00a0900 rauschte mit schon damals faszinierendem Klang vor meiner Haust\u00fcr vorbei \u2013 mein Blick wandelte sich dabei ein wenig in Richtung Verwunderung:<br \/>\nAm Auspuff des toll klingenden\u00a0<strong>SAAB<\/strong>\u00a0900 hing ein ca. 3 Meter langer Schlauch, der wenige Meter weiter abfiel und einfach auf der Fahrbahn liegen blieb?!?!?!<br \/>\nDer\u00a0<strong>SAAB<\/strong>\u00a0900 setzte seine Fahrt fort und verschwand in der n\u00e4chste Kurve.<\/p>\n<p>Ich ging zu dem Schlauch, rollte ihn auf und legte ihn in meinen Kofferraum. Nach wenigen Minuten rauschte der\u00a0<strong>SAAB<\/strong>\u00a0900 wieder vorbei und fuhr wieder in die Werkstatt.<\/p>\n<p>Etwas sp\u00e4ter stattete ich dem Freundlichen\u00a0<strong>SAAB<\/strong>-H\u00e4ndler (FSH) dann einen Besuch ab und legte den Schlauch auf den Tresen it dem Kommentar: \u201cHab\u2019 ich gefunden\u2026.\u201d.<\/p>\n<p>Nach kurzem verwunderten Blick folgte seitens des Mitarbeiters lautes Lachen und ein Ruf in Richtung Werkstatt: \u201cMeister, kannst aufh\u00f6ren, Deinen AU-Schlauch zu suchen\u2026\u2026.\u201d.<\/p>\n<hr class=\"wp-block-separator has-text-color has-background has-cyan-bluish-gray-background-color has-cyan-bluish-gray-color is-style-wide\" \/>\n<p class=\"has-text-align-center\" style=\"text-align: center;\"><a href=\"https:\/\/ziehmy.de\/saab\/index.php\/willkommen\/saab-zum-lachen\/der-oelwechsel\/\">weiter zur n\u00e4chsten Geschichte \u2192<\/a><\/p>\n","protected":false},"excerpt":{"rendered":"<p>Die Geschichte ereignete sich irgendwann Anfang der 90er Jahre, als ich noch einige H\u00e4user neben dem \u00f6rtlichen\u00a0SAAB-Vertragspartner wohnte. Die Stra\u00dfe direkt vor unserem Haus f\u00fchrte aus der Ortschaft hinaus in &#8230;<\/p>\n","protected":false},"author":1,"featured_media":0,"parent":119,"menu_order":0,"comment_status":"closed","ping_status":"closed","template":"","meta":{"footnotes":""},"class_list":["post-77","page","type-page","status-publish","hentry"],"_links":{"self":[{"href":"https:\/\/ziehmy.de\/saab\/index.php\/wp-json\/wp\/v2\/pages\/77","targetHints":{"allow":["GET"]}}],"collection":[{"href":"https:\/\/ziehmy.de\/saab\/index.php\/wp-json\/wp\/v2\/pages"}],"about":[{"href":"https:\/\/ziehmy.de\/saab\/index.php\/wp-json\/wp\/v2\/types\/page"}],"author":[{"embeddable":true,"href":"https:\/\/ziehmy.de\/saab\/index.php\/wp-json\/wp\/v2\/users\/1"}],"replies":[{"embeddable":true,"href":"https:\/\/ziehmy.de\/saab\/index.php\/wp-json\/wp\/v2\/comments?post=77"}],"version-history":[{"count":3,"href":"https:\/\/ziehmy.de\/saab\/index.php\/wp-json\/wp\/v2\/pages\/77\/revisions"}],"predecessor-version":[{"id":286,"href":"https:\/\/ziehmy.de\/saab\/index.php\/wp-json\/wp\/v2\/pages\/77\/revisions\/286"}],"up":[{"embeddable":true,"href":"https:\/\/ziehmy.de\/saab\/index.php\/wp-json\/wp\/v2\/pages\/119"}],"wp:attachment":[{"href":"https:\/\/ziehmy.de\/saab\/index.php\/wp-json\/wp\/v2\/media?parent=77"}],"curies":[{"name":"wp","href":"https:\/\/api.w.org\/{rel}","templated":true}]}}