{"id":121,"date":"2025-01-11T21:45:15","date_gmt":"2025-01-11T21:45:15","guid":{"rendered":"https:\/\/ziehmy.de\/saab\/?page_id=121"},"modified":"2025-01-14T18:24:26","modified_gmt":"2025-01-14T17:24:26","slug":"saab-sonett-iii","status":"publish","type":"page","link":"https:\/\/ziehmy.de\/saab\/index.php\/willkommen\/saab-sonett-iii\/","title":{"rendered":"SAAB Sonett III"},"content":{"rendered":"<figure id=\"attachment_255\" aria-describedby=\"caption-attachment-255\" style=\"width: 300px\" class=\"wp-caption alignright\"><img loading=\"lazy\" decoding=\"async\" class=\"wp-image-255 size-medium\" src=\"https:\/\/ziehmy.de\/saab\/wp-content\/uploads\/2025\/01\/293427201_569223834727741_4371052918082610096_n-300x225.jpg\" alt=\"\" width=\"300\" height=\"225\" srcset=\"https:\/\/ziehmy.de\/saab\/wp-content\/uploads\/2025\/01\/293427201_569223834727741_4371052918082610096_n-300x225.jpg 300w, https:\/\/ziehmy.de\/saab\/wp-content\/uploads\/2025\/01\/293427201_569223834727741_4371052918082610096_n.jpg 526w\" sizes=\"auto, (max-width: 300px) 100vw, 300px\" \/><figcaption id=\"caption-attachment-255\" class=\"wp-caption-text\"><center><span style=\"color: #db0b0b;\">1973er SAAB Sonett III<\/span><\/center><\/figcaption><\/figure>\n<p>Allgemein ist\u00a0<strong>SAAB\u00a0<\/strong>schon ein besonderes, nicht ganz allt\u00e4gliches Auto. Fr\u00fcher hat man immer gesagt,\u00a0<strong>SAAB<\/strong>\u00a0sei die Automarke f\u00fcr Individualisten, f\u00fcr Anw\u00e4lte und \u00c4rzte.<br \/>\nDas stimmt so nat\u00fcrlich nicht, zumindest das mit den Anw\u00e4lten und \u00c4rzten. Dass\u00a0<strong>SAAB<\/strong>-Fahrer sich in vielen F\u00e4llen aber ein wenig vom Mainstream distanzieren wollen, k\u00f6nnte man schon so stehen lassen \ud83d\ude09<\/p>\n<p>Viele werden den klassischen\u00a0<strong>SAAB<\/strong> 900 Turbo kennen \u2013 unverwechselbar und nie wieder erreicht mit seinem leicht r\u00f6chelden, tiefen Auspuffklang.<\/p>\n<p>Die sp\u00e4teren Modelle, der\u00a0<strong>SAAB<\/strong>\u00a09000 oder die dann folgenden\u00a0<strong>SAAB<\/strong>\u00a09-3 und 9-5 sind auch recht bekannt.<br \/>\nAuch von den \u00e4lteren Modellen, dem\u00a0<strong>SAAB<\/strong>\u00a099, dem Vorg\u00e4nger des\u00a0<strong>SAAB<\/strong>\u00a0900, oder dem runden, knuffigen\u00a0<strong>SAAB<\/strong>\u00a096 (und deren Vorg\u00e4ngen) haben viele Menschen ein Bild vor Augen.<\/p>\n<p>Aber\u00a0<strong>SAAB<\/strong>\u00a097?\u00a0<strong>SAAB<\/strong>\u00a0Sonett? \u2013 Das haben Viele noch nie geh\u00f6rt oder gar gesehen. Selbst beim hiesigen Stra\u00dfenverkehrsamt war dieses Modell v\u00f6llig unbekannt.<br \/>\nMan bestand sogar darauf, dass ich mich irren m\u00fcsse, ich w\u00fcrde bestimmt\u00a0<strong>SAAB<\/strong>\u00a096 oder\u00a0<strong>SAAB<\/strong>\u00a099 meinen!<br \/>\nErst nachdem der Leiter der Zulassungsstelle pers\u00f6nlich mit auf den Parkplatz kam, wollte man sich dort \u00fcberzeugen lassen, dass es ein solches Modell wirklich gibt.<\/p>\n<p>Die<strong>\u00a0SAAB<\/strong>\u00a0Sonett III nimmt, selbst unter den anderen\u00a0<strong>SAAB<\/strong>s (oder sagt man \u201cS\u00c4\u00c4Ben\u201d?) eine noch besonderererere Stellung ein. In unseren Regionen ist dieses Modell nahezu unbekannt.<br \/>\nDa dachte ich mir, dass ein besonderes Auto auch eine besondere Internetseite verdient!<br \/>\nUnd somit gibt es f\u00fcr diesen seltenen<strong>\u00a0SAAB<\/strong>\u00a0eine separate Rubrik in meinen\u00a0<strong>SAAB<\/strong>-Seiten\u2026<\/p>\n<p>In der Ausgabe 02-2017 der Motor Klassik vom 11.01.2017 wurde ein interessanter Artikel \u00fcber die Restaurierung meiner\u00a0<strong>SAAB<\/strong>\u00a0Sonett III ver\u00f6ffentlicht. Bei Interesse einfach einmal beim Verlag anfragen, ob noch ein Exemplar verf\u00fcgbar ist.<\/p>\n<figure id=\"attachment_256\" aria-describedby=\"caption-attachment-256\" style=\"width: 1024px\" class=\"wp-caption aligncenter\"><img loading=\"lazy\" decoding=\"async\" class=\"wp-image-256 size-full\" src=\"https:\/\/ziehmy.de\/saab\/wp-content\/uploads\/2025\/01\/Sonett-1024x538-1.jpg\" alt=\"\" width=\"1024\" height=\"538\" srcset=\"https:\/\/ziehmy.de\/saab\/wp-content\/uploads\/2025\/01\/Sonett-1024x538-1.jpg 1024w, https:\/\/ziehmy.de\/saab\/wp-content\/uploads\/2025\/01\/Sonett-1024x538-1-300x158.jpg 300w, https:\/\/ziehmy.de\/saab\/wp-content\/uploads\/2025\/01\/Sonett-1024x538-1-768x404.jpg 768w\" sizes=\"auto, (max-width: 1024px) 100vw, 1024px\" \/><figcaption id=\"caption-attachment-256\" class=\"wp-caption-text\"><center>Quelle: Motor Klassik 01-2017 (Vorank\u00fcndigung) Motor Presse Stuttgart<\/center><\/figcaption><\/figure>\n<hr \/>\n<p class=\"has-text-align-center\" style=\"text-align: center;\">Weiter zu den\u00a0<a href=\"https:\/\/ziehmy.de\/saab\/index.php\/willkommen\/saab-sonett-iii\/information\/\">Informationen\u00a0\u2192<\/a><\/p>\n<p class=\"has-text-align-center\" style=\"text-align: center;\">Direkt zu den\u00a0<a href=\"https:\/\/ziehmy.de\/saab\/index.php\/willkommen\/saab-sonett-iii\/danksagung\/\">Danksagungen \u21b5<\/a><\/p>\n<hr \/>\n<p>&nbsp;<\/p>\n","protected":false},"excerpt":{"rendered":"<p>Allgemein ist\u00a0SAAB\u00a0schon ein besonderes, nicht ganz allt\u00e4gliches Auto. Fr\u00fcher hat man immer gesagt,\u00a0SAAB\u00a0sei die Automarke f\u00fcr Individualisten, f\u00fcr Anw\u00e4lte und \u00c4rzte. Das stimmt so nat\u00fcrlich nicht, zumindest das mit den &#8230;<\/p>\n","protected":false},"author":1,"featured_media":0,"parent":19,"menu_order":0,"comment_status":"closed","ping_status":"closed","template":"","meta":{"footnotes":""},"class_list":["post-121","page","type-page","status-publish","hentry"],"_links":{"self":[{"href":"https:\/\/ziehmy.de\/saab\/index.php\/wp-json\/wp\/v2\/pages\/121","targetHints":{"allow":["GET"]}}],"collection":[{"href":"https:\/\/ziehmy.de\/saab\/index.php\/wp-json\/wp\/v2\/pages"}],"about":[{"href":"https:\/\/ziehmy.de\/saab\/index.php\/wp-json\/wp\/v2\/types\/page"}],"author":[{"embeddable":true,"href":"https:\/\/ziehmy.de\/saab\/index.php\/wp-json\/wp\/v2\/users\/1"}],"replies":[{"embeddable":true,"href":"https:\/\/ziehmy.de\/saab\/index.php\/wp-json\/wp\/v2\/comments?post=121"}],"version-history":[{"count":10,"href":"https:\/\/ziehmy.de\/saab\/index.php\/wp-json\/wp\/v2\/pages\/121\/revisions"}],"predecessor-version":[{"id":265,"href":"https:\/\/ziehmy.de\/saab\/index.php\/wp-json\/wp\/v2\/pages\/121\/revisions\/265"}],"up":[{"embeddable":true,"href":"https:\/\/ziehmy.de\/saab\/index.php\/wp-json\/wp\/v2\/pages\/19"}],"wp:attachment":[{"href":"https:\/\/ziehmy.de\/saab\/index.php\/wp-json\/wp\/v2\/media?parent=121"}],"curies":[{"name":"wp","href":"https:\/\/api.w.org\/{rel}","templated":true}]}}